{"id":67,"date":"2011-01-05T21:29:25","date_gmt":"2011-01-05T20:29:25","guid":{"rendered":"http:\/\/www.schmittfinger.de\/?page_id=67"},"modified":"2013-09-06T16:24:49","modified_gmt":"2013-09-06T15:24:49","slug":"bastelecke","status":"publish","type":"page","link":"https:\/\/schmittfinger.de\/?page_id=67","title":{"rendered":"Bastelecke"},"content":{"rendered":"<p>Hier finden sich Anleitung und kurze Informationen\u00a0zu allerlei n\u00fctzlichen Tools und Computer-Basteleien mit denen ich mich so besch\u00e4ftige, wenn es die Zeit zul\u00e4sst und eine Linksammlung mit Links, die ich spannend und\/oder hilfreich finde.<\/p>\n<h3>Linux<\/h3>\n<p><code>\n\t\t<!-- start[WP Render Blogroll Links 2.1.7] -->\r\n<div class=\"linkcat\"><h2 class=\"linkcattitle\"> <\/h2>\n\t\t\t<ul class=\"xoxo blogroll\" id=\"catid\">\r\n\t\t\t\t<li class=\"brlink\"><a href=\"https:\/\/schmittfinger.de\/?page_id=102\" title=\"AirPrint mit CUPS unter ubuntu\" target=\"_blank\">AirPrint mit CUPS unter ubuntu<\/a><\/li>\n\n\t\t\t<\/ul>\n\t\t<\/div>\r\n\r\n\n\t\t<!-- end[WP Render Blogroll Links 2.1.7] --><\/code><\/p>\n<p>&nbsp;<\/p>\n<h3>Linksammlung zum Thema Linux<\/h3>\n<p><code>\n\t\t<!-- start[WP Render Blogroll Links 2.1.7] -->\r\n<div class=\"linkcat\"><h2 class=\"linkcattitle\"> <\/h2>\n\t\t\t<ul class=\"xoxo blogroll\" id=\"catid\">\r\n\t\t\t\t<li class=\"brlink\"><a href=\"http:\/\/john.wesorick.com\/2012\/03\/running-fsck-on-truecrypt-volume.html\" title=\"Anleitung wie man fsck bei Truecrypt-Volumes ausf\u00fchrt\" target=\"_blank\">FSCK with Truecrypt-Volumes<\/a><\/li>\n\n\t\t\t<\/ul>\n\t\t<\/div>\r\n\r\n\n\t\t<!-- end[WP Render Blogroll Links 2.1.7] --><\/code><\/p>\n","protected":false},"excerpt":{"rendered":"<p>Hier finden sich Anleitung und kurze Informationen\u00a0zu allerlei n\u00fctzlichen Tools und Computer-Basteleien mit denen ich mich so besch\u00e4ftige, wenn es die Zeit zul\u00e4sst und eine Linksammlung mit Links, die ich spannend und\/oder hilfreich finde. Linux &nbsp; Linksammlung zum Thema Linux<\/p>\n","protected":false},"author":2,"featured_media":0,"parent":0,"menu_order":0,"comment_status":"closed","ping_status":"closed","template":"","meta":{"ngg_post_thumbnail":0,"footnotes":""},"class_list":["post-67","page","type-page","status-publish","hentry"],"_links":{"self":[{"href":"https:\/\/schmittfinger.de\/index.php?rest_route=\/wp\/v2\/pages\/67","targetHints":{"allow":["GET"]}}],"collection":[{"href":"https:\/\/schmittfinger.de\/index.php?rest_route=\/wp\/v2\/pages"}],"about":[{"href":"https:\/\/schmittfinger.de\/index.php?rest_route=\/wp\/v2\/types\/page"}],"author":[{"embeddable":true,"href":"https:\/\/schmittfinger.de\/index.php?rest_route=\/wp\/v2\/users\/2"}],"replies":[{"embeddable":true,"href":"https:\/\/schmittfinger.de\/index.php?rest_route=%2Fwp%2Fv2%2Fcomments&post=67"}],"version-history":[{"count":16,"href":"https:\/\/schmittfinger.de\/index.php?rest_route=\/wp\/v2\/pages\/67\/revisions"}],"predecessor-version":[{"id":274,"href":"https:\/\/schmittfinger.de\/index.php?rest_route=\/wp\/v2\/pages\/67\/revisions\/274"}],"wp:attachment":[{"href":"https:\/\/schmittfinger.de\/index.php?rest_route=%2Fwp%2Fv2%2Fmedia&parent=67"}],"curies":[{"name":"wp","href":"https:\/\/api.w.org\/{rel}","templated":true}]}}