{"id":303,"date":"2014-07-20T14:18:12","date_gmt":"2014-07-20T13:18:12","guid":{"rendered":"http:\/\/www.schmittfinger.de\/?page_id=303"},"modified":"2014-07-20T14:22:17","modified_gmt":"2014-07-20T13:22:17","slug":"istreamdev-und-seine-tuecken","status":"publish","type":"page","link":"https:\/\/schmittfinger.de\/?page_id=303","title":{"rendered":"istreamdev und seine T\u00fccken"},"content":{"rendered":"<p>Die weboberfl\u00e4che iStreamDev f\u00fcr das VDR Projekt, hat seine T\u00fccken, bis alles rund l\u00e4uft.<\/p>\n<p>Ein guter Artikel, wie man es &#8211; ohne gr\u00f6\u00dfere Basteleien &#8211; ans Laufen bekommt, findet sich in der c&#8217;t 3\/2013 &#8211; S. 178\/179 mit dem dazugeh\u00f6rigen Link <a href=\"www.ct.de\/1323178\" target=\"_blank\">www.ct.de\/1323178.<\/a> Gut passende Logos sind narrowhd-logos-&lt;date&gt;.tar.gz<\/p>\n<p>Und wichtig bei langsamen Rechnern:<\/p>\n<p>ram =&gt; \/var\/ram verlegen ln -s ram \/var\/ram<br \/>\nfstab none \/var\/ram tmpfs rw 0 0<\/p>\n<p>Und ebenfalls muss der Timeout bei langsameren Rechnern &#8222;manipuliert&#8220; werden:<br \/>\n<a href=\"http:\/\/www.vdr-portal.de\/board1-news\/board101-news-archiv\/p940300-announce-istreamdev-1-0-1-stream-vdr-media-files-to-your-iphone\/\" target=\"_blank\">http:\/\/www.vdr-portal.de\/board1-news\/board101-news-archiv\/p940300-announce-istreamdev-1-0-1-stream-vdr-media-files-to-your-iphone\/<\/a><\/p>\n<blockquote><p>..although everything was working basically i was sometimes getting an error while gathering the session status, especially after selecting WIFI mode for streaming. although the session was created, i got the the error: session could not start.<\/p>\n<p>after removing the following function from session.php, line 327-334:<\/p>\n<p>Quellcode \/\/ Check session creation timeout if ($checkstart &amp;&amp; ((time() &#8211; $time) &gt;= 10))<br \/>\n{<br \/>\n$status[&#8217;status&#8216;] = &#8222;error&#8220;;<br \/>\n$status[&#8218;message&#8216;] = &#8222;Error: session could not start&#8220;;<br \/>\naddlog(&#8222;Returning status: &#8220; .$status[&#8218;message&#8216;]);<br \/>\nreturn $status;<br \/>\n}<br \/>\nit works perfect.<\/p><\/blockquote>\n","protected":false},"excerpt":{"rendered":"<p>Die weboberfl\u00e4che iStreamDev f\u00fcr das VDR Projekt, hat seine T\u00fccken, bis alles rund l\u00e4uft. Ein guter Artikel, wie man es &#8211; ohne gr\u00f6\u00dfere Basteleien &#8211; ans Laufen bekommt, findet sich in der c&#8217;t 3\/2013 &#8211; S. 178\/179 mit dem dazugeh\u00f6rigen Link www.ct.de\/1323178. Gut passende Logos sind narrowhd-logos-&lt;date&gt;.tar.gz Und wichtig bei langsamen Rechnern: ram =&gt; \/var\/ram [&hellip;]<\/p>\n","protected":false},"author":2,"featured_media":0,"parent":67,"menu_order":0,"comment_status":"open","ping_status":"open","template":"","meta":{"ngg_post_thumbnail":0,"footnotes":""},"class_list":["post-303","page","type-page","status-publish","hentry"],"_links":{"self":[{"href":"https:\/\/schmittfinger.de\/index.php?rest_route=\/wp\/v2\/pages\/303","targetHints":{"allow":["GET"]}}],"collection":[{"href":"https:\/\/schmittfinger.de\/index.php?rest_route=\/wp\/v2\/pages"}],"about":[{"href":"https:\/\/schmittfinger.de\/index.php?rest_route=\/wp\/v2\/types\/page"}],"author":[{"embeddable":true,"href":"https:\/\/schmittfinger.de\/index.php?rest_route=\/wp\/v2\/users\/2"}],"replies":[{"embeddable":true,"href":"https:\/\/schmittfinger.de\/index.php?rest_route=%2Fwp%2Fv2%2Fcomments&post=303"}],"version-history":[{"count":4,"href":"https:\/\/schmittfinger.de\/index.php?rest_route=\/wp\/v2\/pages\/303\/revisions"}],"predecessor-version":[{"id":307,"href":"https:\/\/schmittfinger.de\/index.php?rest_route=\/wp\/v2\/pages\/303\/revisions\/307"}],"up":[{"embeddable":true,"href":"https:\/\/schmittfinger.de\/index.php?rest_route=\/wp\/v2\/pages\/67"}],"wp:attachment":[{"href":"https:\/\/schmittfinger.de\/index.php?rest_route=%2Fwp%2Fv2%2Fmedia&parent=303"}],"curies":[{"name":"wp","href":"https:\/\/api.w.org\/{rel}","templated":true}]}}