{"id":3,"date":"2010-01-06T17:18:07","date_gmt":"2010-01-06T16:18:07","guid":{"rendered":"http:\/\/www.schmittfinger.de\/?page_id=3"},"modified":"2018-05-24T09:31:26","modified_gmt":"2018-05-24T08:31:26","slug":"impressum","status":"publish","type":"page","link":"https:\/\/schmittfinger.de\/?page_id=3","title":{"rendered":"Impressum und Datenschutzerkl\u00e4rung"},"content":{"rendered":"<h3>Dies ist eine private Webseite, betrieben von<\/h3>\n<p>Sebastian Schmitt<br \/>\nZeisigweg 9<br \/>\n96114 Hirschaid<br \/>\nTelefon: 0151-16009628<\/p>\n<p>&nbsp;<\/p>\n<h3>Datenschutzerkl\u00e4rung<\/h3>\n<h4>&nbsp;<\/h4>\n<h4>Grundlegendes<\/h4>\n<p>Der Betreiber des privaten Blogs <a href=\"https:\/\/schmittfinger.de\/\">www.schmittfinger.de<\/a> (Kontaktdaten entnehmen Sie bitte dem Impressum) nimmt den Schutz der pers\u00f6nlichen Daten sehr ernst und h\u00e4lt sich an die Regeln der Datenschutzgesetze. In den nachfolgenden Datenschutzinformationen werden die Nutzer dieser Seite \u00fcber die durchgef\u00fchrte Verarbeitung personenbezogener Daten informiert. Erhobene Daten werden vertraulich entsprechend der gesetzlichen Datenschutzvorschriften sowie dieser Datenschutzerkl\u00e4rung behandelt.<br \/>\nDie Nutzung dieser Webseite ist in der Regel ohne Angabe personenbezogener Daten m\u00f6glich. Soweit auf diesem Webauftritt personenbezogene Daten (beispielsweise Name, Anschrift oder E-Mail-Adressen) erhoben werden, erfolgt dies, soweit m\u00f6glich, stets auf freiwilliger Basis. In keinem Fall werden die erhobenen Daten verkauft oder aus anderen Gr\u00fcnden an Dritte weitergegeben.<br \/>\nDer Betreiber weist darauf hin, dass die Daten\u00fcbertragung im Internet (z.B. bei der Kommunikation per E-Mail) Sicherheitsl\u00fccken aufweisen kann. Ein l\u00fcckenloser Schutz der Daten vor dem Zugriff durch Dritte ist nicht m\u00f6glich.<\/p>\n<p>Da durch neue Technologien und die st\u00e4ndige Weiterentwicklung dieser Webseite \u00c4nderungen an dieser Datenschutzerkl\u00e4rung vorgenommen werden k\u00f6nnen, empfehlen wir Ihnen sich die Datenschutzerkl\u00e4rung in regelm\u00e4\u00dfigen Abst\u00e4nden wieder durchzulesen.<\/p>\n<p>Definitionen der verwendeten Begriffe (z.B. \u201cpersonenbezogene Daten\u201d oder \u201cVerarbeitung\u201d) finden Sie in Art. 4 DSGVO.<\/p>\n<p>&nbsp;<\/p>\n<h4>Cookies<\/h4>\n<p>Die Internetseiten verwenden teilweise so genannte Cookies. Cookies richten auf Ihrem Rechner keinen Schaden an und enthalten keine Viren. Cookies dienen dazu, unser Angebot benutzerfreundlicher, effektiver und sicherer zu machen. Cookies sind kleine Textdateien, die auf Ihrem Rechner abgelegt werden und die Ihr Browser speichert.<br \/>\nDie meisten der verwendeten Cookies sind so genannte \u201eSession-Cookies\u201c. Sie werden nach Ende Ihres Besuchs automatisch gel\u00f6scht. Andere Cookies bleiben auf Ihrem Endger\u00e4t gespeichert, bis Sie diese l\u00f6schen. Diese Cookies erm\u00f6glichen es, Ihren Browser beim n\u00e4chsten Besuch wiederzuerkennen.<br \/>\nSie k\u00f6nnen Ihren Browser so einstellen, dass Sie \u00fcber das Setzen von Cookies informiert werden und Cookies nur im Einzelfall erlauben, die Annahme von Cookies f\u00fcr bestimmte F\u00e4lle oder generell ausschlie\u00dfen sowie das automatische L\u00f6schen der Cookies beim Schlie\u00dfen des Browser aktivieren. Bei der Deaktivierung von Cookies kann die Funktionalit\u00e4t dieser Website eingeschr\u00e4nkt sein.<\/p>\n<p>&nbsp;<\/p>\n<h4>Zugriffsdaten<\/h4>\n<p>Der Websitebetreiber bzw. Seitenprovider, erhebt und speichert automatisch Informationen in so genannten Server-Log Files. Folgende Daten werden so protokolliert:<\/p>\n<ul>\n<li>Besuchte Website<\/li>\n<li>Uhrzeit zum Zeitpunkt des Zugriffes<\/li>\n<li>Menge der gesendeten Daten in Byte<\/li>\n<li>Quelle\/Verweis, von welchem Sie auf die Seite gelangten<\/li>\n<li>Verwendeter Browser<\/li>\n<li>Verwendetes Betriebssystem<\/li>\n<li>Verwendete IP-Adresse<\/li>\n<\/ul>\n<p>Eine Zusammenf\u00fchrung dieser Daten mit anderen Datenquellen wird nicht vorgenommen.<\/p>\n<h4>&nbsp;<\/h4>\n<h4>Umgang mit Kontaktdaten<\/h4>\n<p>Nehmen Sie mit dem&nbsp;Websitebetreiber durch die angebotenen Kontaktm\u00f6glichkeiten Verbindung auf, werden Ihre Angaben gespeichert, damit auf diese zur Bearbeitung und Beantwortung Ihrer Anfrage zur\u00fcckgegriffen werden kann. Ohne Ihre Einwilligung werden diese Daten nicht an Dritte weitergegeben.<\/p>\n<p>&nbsp;<\/p>\n<h4>Umgang mit Kommentaren und Beitr\u00e4gen<\/h4>\n<p>Hinterlassen Sie auf dieser Website einen Beitrag oder Kommentar, wird Ihre IP-Adresse gespeichert. Dies erfolgt aufgrund unserer berechtigten Interessen im Sinne des Art. 6 Abs. 1 lit. f. DSGVO und dient der Sicherheit von uns als Websitebetreiber: Denn sollte Ihr Kommentar gegen geltendes Recht versto\u00dfen, k\u00f6nnen wir daf\u00fcr belangt werden, weshalb wir ein Interesse an der Identit\u00e4t des Kommentar- bzw. Beitragsautors haben.<\/p>\n<h4>&nbsp;<\/h4>\n<h4>Auskunftsrecht<\/h4>\n<p>Sie haben jederzeit das Recht auf Auskunft \u00fcber die bez\u00fcglich Ihrer Person gespeicherten Daten, deren Herkunft und Empf\u00e4nger sowie den Zweck der Speicherung.<\/p>\n<p>Wenn Sie Fragen haben, die Ihnen diese Datenschutzerkl\u00e4rung nicht beantworten konnte oder wenn Sie zu einem Punkt vertiefte Informationen w\u00fcnschen, wenden Sie sich bitte an den im Impressum genannten Betreiber.<\/p>\n","protected":false},"excerpt":{"rendered":"<p>Dies ist eine private Webseite, betrieben von Sebastian Schmitt Zeisigweg 9 96114 Hirschaid Telefon: 0151-16009628 &nbsp; Datenschutzerkl\u00e4rung &nbsp; Grundlegendes Der Betreiber des privaten Blogs www.schmittfinger.de (Kontaktdaten entnehmen Sie bitte dem Impressum) nimmt den Schutz der pers\u00f6nlichen Daten sehr ernst und h\u00e4lt sich an die Regeln der Datenschutzgesetze. In den nachfolgenden Datenschutzinformationen werden die Nutzer dieser [&hellip;]<\/p>\n","protected":false},"author":1,"featured_media":0,"parent":0,"menu_order":0,"comment_status":"closed","ping_status":"closed","template":"","meta":{"ngg_post_thumbnail":0,"footnotes":""},"class_list":["post-3","page","type-page","status-publish","hentry"],"_links":{"self":[{"href":"https:\/\/schmittfinger.de\/index.php?rest_route=\/wp\/v2\/pages\/3","targetHints":{"allow":["GET"]}}],"collection":[{"href":"https:\/\/schmittfinger.de\/index.php?rest_route=\/wp\/v2\/pages"}],"about":[{"href":"https:\/\/schmittfinger.de\/index.php?rest_route=\/wp\/v2\/types\/page"}],"author":[{"embeddable":true,"href":"https:\/\/schmittfinger.de\/index.php?rest_route=\/wp\/v2\/users\/1"}],"replies":[{"embeddable":true,"href":"https:\/\/schmittfinger.de\/index.php?rest_route=%2Fwp%2Fv2%2Fcomments&post=3"}],"version-history":[{"count":12,"href":"https:\/\/schmittfinger.de\/index.php?rest_route=\/wp\/v2\/pages\/3\/revisions"}],"predecessor-version":[{"id":478,"href":"https:\/\/schmittfinger.de\/index.php?rest_route=\/wp\/v2\/pages\/3\/revisions\/478"}],"wp:attachment":[{"href":"https:\/\/schmittfinger.de\/index.php?rest_route=%2Fwp%2Fv2%2Fmedia&parent=3"}],"curies":[{"name":"wp","href":"https:\/\/api.w.org\/{rel}","templated":true}]}}