{"id":292,"date":"2014-02-20T21:32:59","date_gmt":"2014-02-20T20:32:59","guid":{"rendered":"http:\/\/www.schmittfinger.de\/?page_id=292"},"modified":"2014-02-21T16:17:23","modified_gmt":"2014-02-21T15:17:23","slug":"ubuntu-alte-kernelimages-entfernen","status":"publish","type":"page","link":"https:\/\/schmittfinger.de\/?page_id=292","title":{"rendered":"Ubuntu &#8211; alte Kernelimages entfernen"},"content":{"rendered":"<p>Wie man alte &#8211; nicht mehr benutzte &#8211; Kernelimages von einem ubuntu-System entfernt:<\/p>\n<p><code>$ uname -r<\/code><br \/>\nDie jetzt angezeigte Kernelversion NICHT l\u00f6schen!<\/p>\n<p>Um alle installierten Kernel auf dem System anzeigen:<br \/>\n<code>$ dpkg \u2013-list | grep linux-image<\/code><\/p>\n<p>Alle &#8222;kleineren&#8220; Kernelversionen heraussuchen und &#8211; sofern gew\u00fcnscht &#8211; zum L\u00f6schen ausw\u00e4hlen:<br \/>\n<code>$ sudo apt-get purge linux-image-x.x.x-xx-generic-pae<\/code><br \/>\nWichtig: Alle &#8218;x&#8216; mit den entsprechenden Kernel-Versionsnummern ersetzen.<\/p>\n<p>Abschlie\u00dfend &#8211; zur Sicherheit &#8211; grub2 starten:<br \/>\n<code>$ sudo update-grub2<\/code><\/p>\n<p>Jetzt das System neu starten und fertig!<\/p>\n<p>(nach: <a href=\"http:\/\/blog.mknsoft.com\/?p=208\">http:\/\/blog.mknsoft.com\/?p=208<\/a>)<\/p>\n","protected":false},"excerpt":{"rendered":"<p>Wie man alte &#8211; nicht mehr benutzte &#8211; Kernelimages von einem ubuntu-System entfernt: $ uname -r Die jetzt angezeigte Kernelversion NICHT l\u00f6schen! Um alle installierten Kernel auf dem System anzeigen: $ dpkg \u2013-list | grep linux-image Alle &#8222;kleineren&#8220; Kernelversionen heraussuchen und &#8211; sofern gew\u00fcnscht &#8211; zum L\u00f6schen ausw\u00e4hlen: $ sudo apt-get purge linux-image-x.x.x-xx-generic-pae Wichtig: Alle [&hellip;]<\/p>\n","protected":false},"author":2,"featured_media":0,"parent":67,"menu_order":0,"comment_status":"open","ping_status":"open","template":"","meta":{"ngg_post_thumbnail":0,"footnotes":""},"class_list":["post-292","page","type-page","status-publish","hentry"],"_links":{"self":[{"href":"https:\/\/schmittfinger.de\/index.php?rest_route=\/wp\/v2\/pages\/292","targetHints":{"allow":["GET"]}}],"collection":[{"href":"https:\/\/schmittfinger.de\/index.php?rest_route=\/wp\/v2\/pages"}],"about":[{"href":"https:\/\/schmittfinger.de\/index.php?rest_route=\/wp\/v2\/types\/page"}],"author":[{"embeddable":true,"href":"https:\/\/schmittfinger.de\/index.php?rest_route=\/wp\/v2\/users\/2"}],"replies":[{"embeddable":true,"href":"https:\/\/schmittfinger.de\/index.php?rest_route=%2Fwp%2Fv2%2Fcomments&post=292"}],"version-history":[{"count":2,"href":"https:\/\/schmittfinger.de\/index.php?rest_route=\/wp\/v2\/pages\/292\/revisions"}],"predecessor-version":[{"id":295,"href":"https:\/\/schmittfinger.de\/index.php?rest_route=\/wp\/v2\/pages\/292\/revisions\/295"}],"up":[{"embeddable":true,"href":"https:\/\/schmittfinger.de\/index.php?rest_route=\/wp\/v2\/pages\/67"}],"wp:attachment":[{"href":"https:\/\/schmittfinger.de\/index.php?rest_route=%2Fwp%2Fv2%2Fmedia&parent=292"}],"curies":[{"name":"wp","href":"https:\/\/api.w.org\/{rel}","templated":true}]}}