{"id":181,"date":"2012-12-01T22:06:31","date_gmt":"2012-12-01T21:06:31","guid":{"rendered":"http:\/\/www.schmittfinger.de\/?page_id=181"},"modified":"2016-06-17T20:24:03","modified_gmt":"2016-06-17T19:24:03","slug":"airvideo-server-unter-ubuntu-12-04","status":"publish","type":"page","link":"https:\/\/schmittfinger.de\/?page_id=181","title":{"rendered":"AirVideo-Server unter ubuntu 12.04"},"content":{"rendered":"<p>AirVideo-Server (<a title=\"AirVideo\" href=\"http:\/\/www.inmethod.com\/air-video\/index.html\" target=\"_blank\">http:\/\/www.inmethod.com\/air-video\/index.html<\/a>)\u00a0ist eine Client\/Server-L\u00f6sung, die es erm\u00f6glicht Videos f\u00fcr iOS-Devices zur Verf\u00fcgung zu stellen. Dieses Bereitstellen kann Online (Live-Conversation) oder Offline (Convert) geschehen. Die daf\u00fcr notwendige Serverkomponente basiert auf Java und ist f\u00fcr Windows, Mac und Linux verf\u00fcgbar. Bisher wurden f\u00fcr die Server-Komponente unter Linux (Ubuntu)\u00a0verschiedene Komponenten ben\u00f6tigt (faac, mp4creator und ffmpeg). Ffmpeg und mp4creator gelten als veraltet und sind teilweise f\u00fcr aktuelle Distributitonen (Ubuntu 12.04 LTS) nicht mehr verf\u00fcgbar.<\/p>\n<p>Die aktuelle Version 2.46 beta3 des AirVideoServers ben\u00f6tigt an Stelle von mp4creator, faac und ffmpeg nur noch das neuere avconv.<\/p>\n<p>Dies muss wie folgt installiert und compiliert werden:<\/p>\n<ul>\n<li>wget <a title=\"libav\" href=\"http:\/\/s3.amazonaws.com\/AirVideo\/Linux-2.4.6-beta3\/libav.tar.bz2\">http:\/\/s3.amazonaws.com\/AirVideo\/Linux-2.4.6-beta3\/libav.tar.bz2<\/a><\/li>\n<li>tar -xjvf libav.tar.bz2<\/li>\n<li>cd libav<\/li>\n<li>.\/configure &#8211;enable-pthreads &#8211;disable-shared &#8211;enable-static &#8211;enable-gpl &#8211;enable-libx264 &#8211;enable-libmp3lame &#8211;enable-nonfree &#8211;enable-libfaac<\/li>\n<li>make<\/li>\n<\/ul>\n<p>&#8230;dann klappt auch das Offline-Konvertieren wieder mit aktuellen Linux-Distributionen (getestet mit Ubuntu 12.04.1 LTS x86).<\/p>\n<p>In Anlehnung an <a href=\"http:\/\/blog.stevenlu.com\/2012\/09\/10\/installing-airvideo-server-on-debian-squeeze\/\">http:\/\/blog.stevenlu.com\/2012\/09\/10\/installing-airvideo-server-on-debian-squeeze\/<\/a><\/p>\n<p>Das dazugeh\u00f6rige Startskript, welches unter \/etc\/init abzulegen ist:<\/p>\n<p><span style=\"text-decoration: underline;\">airvideo.conf\u00a0<\/span> (Dateinamen)<\/p>\n<p>start on runlevel [2345]<br \/>\nstop on shutdown<br \/>\nrespawn<\/p>\n<p>exec sudo -H -n \/usr\/bin\/java -jar \/opt\/airvideo-server\/AirVideoServerLinux.jar \/opt\/airvideo-server\/air.properties<\/p>\n<p><strong>Update f\u00fcr Ubuntu 16.04 LTS x86<\/strong><\/p>\n<p>Damit der obige Configure-Aufruf funktioniert muss, neben den ben\u00f6tigten -dev-Paketen (libx264-dev, liblame-dev und libfaac-dev) unbedingt das Paket pkg-config installiert werden. Ohne dieses Paket kommt beharrlich der Fehler x264 w\u00fcrde fehlen.<\/p>\n<p>Nachdem Ubuntu 16.04 System-Control zum Starten von Programmen und Diensten nutzt, hier das entsprechende Startskript, welches unter \/etc\/systemd\/system abzulegen ist:<\/p>\n<p><span style=\"text-decoration: underline;\">airvideo.service\u00a0<\/span> (Dateinamen)<\/p>\n<p>[Unit]<br \/>\nDescription=Airvideo<br \/>\nAfter=network.target auditd.service<br \/>\nConditionPathExists=\/opt\/airvideo-server\/air.properties<\/p>\n<p>[Service]<br \/>\nType=simple<br \/>\n#EnvironmentFile=-\/etc\/default\/ssh<br \/>\n#exec sudo -H -n \/usr\/bin\/java -jar \/opt\/airvideo-server\/AirVideoServerLinux.jar \/opt\/airvideo-server\/air.properties<br \/>\nExecStart=\/usr\/bin\/java -jar \/opt\/airvideo-server\/AirVideoServerLinux.jar \/opt\/airvideo-server\/air.properties<br \/>\n#ExecReload=\/bin\/kill -HUP $MAINPID<br \/>\n#PIDFile=\/var\/run\/samba\/samba.pid<br \/>\n#KillMode=process<br \/>\nRestart=on-failure<\/p>\n<p>[Install]<br \/>\nWantedBy=multi-user.target<br \/>\nAlias=airvideo.Service<\/p>\n<p>&nbsp;<\/p>\n","protected":false},"excerpt":{"rendered":"<p>AirVideo-Server (http:\/\/www.inmethod.com\/air-video\/index.html)\u00a0ist eine Client\/Server-L\u00f6sung, die es erm\u00f6glicht Videos f\u00fcr iOS-Devices zur Verf\u00fcgung zu stellen. Dieses Bereitstellen kann Online (Live-Conversation) oder Offline (Convert) geschehen. Die daf\u00fcr notwendige Serverkomponente basiert auf Java und ist f\u00fcr Windows, Mac und Linux verf\u00fcgbar. Bisher wurden f\u00fcr die Server-Komponente unter Linux (Ubuntu)\u00a0verschiedene Komponenten ben\u00f6tigt (faac, mp4creator und ffmpeg). Ffmpeg und mp4creator [&hellip;]<\/p>\n","protected":false},"author":2,"featured_media":0,"parent":67,"menu_order":0,"comment_status":"open","ping_status":"open","template":"","meta":{"ngg_post_thumbnail":0,"footnotes":""},"class_list":["post-181","page","type-page","status-publish","hentry"],"_links":{"self":[{"href":"https:\/\/schmittfinger.de\/index.php?rest_route=\/wp\/v2\/pages\/181","targetHints":{"allow":["GET"]}}],"collection":[{"href":"https:\/\/schmittfinger.de\/index.php?rest_route=\/wp\/v2\/pages"}],"about":[{"href":"https:\/\/schmittfinger.de\/index.php?rest_route=\/wp\/v2\/types\/page"}],"author":[{"embeddable":true,"href":"https:\/\/schmittfinger.de\/index.php?rest_route=\/wp\/v2\/users\/2"}],"replies":[{"embeddable":true,"href":"https:\/\/schmittfinger.de\/index.php?rest_route=%2Fwp%2Fv2%2Fcomments&post=181"}],"version-history":[{"count":15,"href":"https:\/\/schmittfinger.de\/index.php?rest_route=\/wp\/v2\/pages\/181\/revisions"}],"predecessor-version":[{"id":421,"href":"https:\/\/schmittfinger.de\/index.php?rest_route=\/wp\/v2\/pages\/181\/revisions\/421"}],"up":[{"embeddable":true,"href":"https:\/\/schmittfinger.de\/index.php?rest_route=\/wp\/v2\/pages\/67"}],"wp:attachment":[{"href":"https:\/\/schmittfinger.de\/index.php?rest_route=%2Fwp%2Fv2%2Fmedia&parent=181"}],"curies":[{"name":"wp","href":"https:\/\/api.w.org\/{rel}","templated":true}]}}